{"id":425,"date":"2025-05-11T20:51:03","date_gmt":"2025-05-11T18:51:03","guid":{"rendered":"https:\/\/sobeauty.online\/SoBeauty\/?page_id=425"},"modified":"2025-05-14T21:50:12","modified_gmt":"2025-05-14T19:50:12","slug":"kobido","status":"publish","type":"page","link":"https:\/\/sobeauty.online\/SoBeauty\/kobido\/","title":{"rendered":"Soin KOBIDO So Beauty &#8211; institut de beaut\u00e9 V\u00e9traz Monthoux"},"content":{"rendered":"\n<div class=\"wp-block-cover alignfull is-light\" style=\"min-height:750px;aspect-ratio:unset;\"><img loading=\"lazy\" decoding=\"async\" width=\"1064\" height=\"1562\" class=\"wp-block-cover__image-background wp-image-204 size-full\" alt=\"Soin KOBIDO So Beauty\" src=\"https:\/\/sobeauty.online\/SoBeauty\/wp-content\/uploads\/2025\/03\/Screenshot-2025-03-01-at-18.43.37.png\" style=\"object-position:51% 16%\" data-object-fit=\"cover\" data-object-position=\"51% 16%\" srcset=\"https:\/\/sobeauty.online\/SoBeauty\/wp-content\/uploads\/2025\/03\/Screenshot-2025-03-01-at-18.43.37.png 1064w, https:\/\/sobeauty.online\/SoBeauty\/wp-content\/uploads\/2025\/03\/Screenshot-2025-03-01-at-18.43.37-204x300.png 204w, https:\/\/sobeauty.online\/SoBeauty\/wp-content\/uploads\/2025\/03\/Screenshot-2025-03-01-at-18.43.37-698x1024.png 698w, https:\/\/sobeauty.online\/SoBeauty\/wp-content\/uploads\/2025\/03\/Screenshot-2025-03-01-at-18.43.37-768x1127.png 768w, https:\/\/sobeauty.online\/SoBeauty\/wp-content\/uploads\/2025\/03\/Screenshot-2025-03-01-at-18.43.37-1046x1536.png 1046w\" sizes=\"auto, (max-width: 1064px) 100vw, 1064px\" \/><span aria-hidden=\"true\" class=\"wp-block-cover__background has-white-background-color has-background-dim-0 has-background-dim\"><\/span><div class=\"wp-block-cover__inner-container has-global-padding is-layout-constrained wp-container-core-cover-is-layout-4383d167 wp-block-cover-is-layout-constrained\">\n<div class=\"wp-block-group alignwide is-vertical is-content-justification-left is-layout-flex wp-container-core-group-is-layout-b21d21b4 wp-block-group-is-layout-flex\" style=\"min-height:520px\">\n<div class=\"wp-block-group has-global-padding is-layout-constrained wp-container-core-group-is-layout-92ef7b19 wp-block-group-is-layout-constrained\">\n<h1 class=\"wp-block-heading has-text-align-left has-text-color\" style=\"color:#fffffd;margin-bottom:1.01rem;font-size:clamp(2.422rem, 2.422rem + ((1vw - 0.2rem) * 3.796), 4.51rem);font-style:normal;font-weight:600;line-height:1.2\">Soin KOBIDO<\/h1>\n\n\n\n<h1 class=\"wp-block-heading has-text-align-left has-text-color\" style=\"color:#fffffd;margin-bottom:1.01rem;font-size:clamp(2.422rem, 2.422rem + ((1vw - 0.2rem) * 3.796), 4.51rem);font-style:normal;font-weight:600;line-height:1.2\">So Beauty<\/h1>\n<\/div>\n<\/div>\n<\/div><\/div>\n\n\n\n<div class=\"wp-block-group alignfull has-global-padding is-layout-constrained wp-container-core-group-is-layout-4383d167 wp-block-group-is-layout-constrained\">\n<h2 class=\"wp-block-heading has-text-align-left has-text-color has-suranna-font-family\" style=\"color:#000000;margin-top:0.5rem;margin-bottom:0rem;font-size:clamp(24.034px, 1.502rem + ((1vw - 3.2px) * 1.814), 40px);font-style:normal;font-weight:500;letter-spacing:0px;line-height:1.3\">Soin KOBIDO So Beauty<\/h2>\n\n\n\n<p>\u00ab Soin expert facialiste Kobido \u00bb&nbsp;<\/p>\n\n\n\n<p>Le soin Kobido, ou plus souvent connu sous le nom de \u00ab\u00a0lifting naturel japonais,\u00a0\u00bb est une technique de massage ancestrale datant du XV si\u00e8cle. Il permet \u00e0 la peau du visage de retrouver une seconde jeunesse . Ce type de massage agit sur le rel\u00e2chement cutan\u00e9 et est r\u00e9put\u00e9 comme l&rsquo;un des meilleurs moyens de lutter contre les signes du vieillissement en stimulant profond\u00e9ment les muscles et les tissus du visage. Il est souvent compar\u00e9 \u00e0 un lifting naturel et est parmi les massages asiatiques les plus appr\u00e9ci\u00e9s. Tr\u00e8s efficace, ce soin \u00e9tait r\u00e9serv\u00e9 aux imp\u00e9ratrices et geishas, pour devenir un art traditionnel de rajeunissement. Aujourd\u2019hui, c\u2019est la technique par excellence des facialistes.&nbsp;<\/p>\n\n\n\n<p><\/p>\n\n\n\n<p>Le soin Kobido se concentre principalement sur l&rsquo;\u00e9quilibre du \u00ab\u00a0chi,\u00a0\u00bb consid\u00e9r\u00e9 comme l&rsquo;\u00e9nergie vitale. .<\/p>\n\n\n\n<p><\/p>\n\n\n\n<p>La praticienne exerce des manoeuvres selon un rituel pr\u00e9cis.&nbsp;<\/p>\n\n\n\n<p>Ko= Ancien \u2013 pompage des toxines&nbsp;<\/p>\n\n\n\n<p>Bi= Beaut\u00e9 \u2013 modelage&nbsp;<\/p>\n\n\n\n<p>Do= Voie digito pression et lib\u00e9ration par les gua sha&nbsp;<\/p>\n\n\n\n<p>Le massage Kobido convient \u00e0 tous les types de peau et \u00e0 tous les \u00e2ges. En vertu de ses propri\u00e9t\u00e9s anti-\u00e2ge, il est particuli\u00e8rement recommand\u00e9 pour les peaux matures. Avant 40 ans, le Kobido est id\u00e9al pour pr\u00e9venir l&rsquo;apparition des rides et retarder leur formation. Apr\u00e8s 40 ans, il peut \u00eatre utilis\u00e9 en cure anti-\u00e2ge pour stabiliser l&rsquo;\u00e9volution des rides.&nbsp;<\/p>\n\n\n\n<p>Les effets du soin Kobido sont imm\u00e9diats, et vous ressentirez les bienfaits d\u00e8s la premi\u00e8re s\u00e9ance. Ces r\u00e9sultats durent g\u00e9n\u00e9ralement environ 15 jours. Par cons\u00e9quent, 1 \u00e0 2 s\u00e9ances par mois peuvent suffire pour pr\u00e9venir l&rsquo;apparition des rides, les att\u00e9nuer et lisser celles d\u00e9j\u00e0 pr\u00e9sentes. Il est recommand\u00e9 de commencer par une s\u00e9ance par semaine au cours du premier mois.<\/p>\n\n\n\n<figure class=\"wp-block-image size-full has-custom-border\"><img loading=\"lazy\" decoding=\"async\" width=\"932\" height=\"659\" src=\"https:\/\/sobeauty.online\/SoBeauty\/wp-content\/uploads\/2025\/05\/image-1.png\" alt=\"Soin expert facialiste Kobido\" class=\"wp-image-442\" style=\"border-radius:20px\" srcset=\"https:\/\/sobeauty.online\/SoBeauty\/wp-content\/uploads\/2025\/05\/image-1.png 932w, https:\/\/sobeauty.online\/SoBeauty\/wp-content\/uploads\/2025\/05\/image-1-300x212.png 300w, https:\/\/sobeauty.online\/SoBeauty\/wp-content\/uploads\/2025\/05\/image-1-768x543.png 768w\" sizes=\"auto, (max-width: 932px) 100vw, 932px\" \/><\/figure>\n\n\n\n<p>A quoi servent les gua sha dans le soin ?<\/p>\n\n\n\n<p>Les gua sha sont des outils en pierre utilis\u00e9s pour masser la peau en fin de soin. C&rsquo;est une technique de m\u00e9decine chinoise qui favorise la circulation sanguine ( cernes), soulage les tensions musculaires (machoires crisp\u00e9es par ex) stimule le syst\u00e8me lymphatique ( poches sous les yeux) et lisse les traits. La marque Nohem a choisi de travailler son soin avec la pierre de jade blanc. En lithoth\u00e9rapie, le jade blanc est une pierre associ\u00e9e \u00e0 la puret\u00e9, la s\u00e9r\u00e9nit\u00e9 et \u00e0 la clart\u00e9 d&rsquo;esprit. Sur le plan \u00e9motionnel, elle aide \u00e0 r\u00e9duire le stress, favorise la concentration et harmonise les \u00e9motions. Sur le plan physique, elle serait b\u00e9n\u00e9fique pour le syst\u00e8me immunitaire et la peau.<\/p>\n\n\n\n<p><\/p>\n\n\n\n<div class=\"wp-block-buttons is-horizontal is-content-justification-center is-layout-flex wp-container-core-buttons-is-layout-a300a970 wp-block-buttons-is-layout-flex\" style=\"margin-top:0.51rem\">\n<div class=\"wp-block-button has-custom-width wp-block-button__width-50 is-style-fill\"><a class=\"wp-block-button__link has-text-color has-background has-custom-font-size wp-element-button\" href=\"https:\/\/sobeauty.online\/\/SoBeauty\/?page_id=29\" style=\"border-style:none;border-width:0px;border-radius:20rem;color:#fffffd;background-color:#cab385;padding-top:0.71rem;padding-right:0.31rem;padding-bottom:0.71rem;padding-left:0.31rem;font-size:clamp(0.875rem, 0.875rem + ((1vw - 0.2rem) * 0.245), 1.01rem);font-style:normal;font-weight:600;line-height:1.5;text-transform:capitalize\">PRENDRE RENDEZ VOUS<\/a><\/div>\n<\/div>\n<\/div>\n","protected":false},"excerpt":{"rendered":"<p>Soin KOBIDO So Beauty \u00ab Soin expert facialiste Kobido \u00bb&nbsp; Le soin Kobido, ou plus souvent connu sous le nom de \u00ab\u00a0lifting naturel japonais,\u00a0\u00bb est une technique de massage ancestrale datant du XV si\u00e8cle. Il permet \u00e0 la peau du visage de retrouver une seconde jeunesse . Ce type de massage agit sur le rel\u00e2chement [&hellip;]<\/p>\n","protected":false},"author":1,"featured_media":0,"parent":0,"menu_order":0,"comment_status":"closed","ping_status":"closed","template":"","meta":{"footnotes":""},"class_list":["post-425","page","type-page","status-publish","hentry"],"_links":{"self":[{"href":"https:\/\/sobeauty.online\/SoBeauty\/wp-json\/wp\/v2\/pages\/425","targetHints":{"allow":["GET"]}}],"collection":[{"href":"https:\/\/sobeauty.online\/SoBeauty\/wp-json\/wp\/v2\/pages"}],"about":[{"href":"https:\/\/sobeauty.online\/SoBeauty\/wp-json\/wp\/v2\/types\/page"}],"author":[{"embeddable":true,"href":"https:\/\/sobeauty.online\/SoBeauty\/wp-json\/wp\/v2\/users\/1"}],"replies":[{"embeddable":true,"href":"https:\/\/sobeauty.online\/SoBeauty\/wp-json\/wp\/v2\/comments?post=425"}],"version-history":[{"count":31,"href":"https:\/\/sobeauty.online\/SoBeauty\/wp-json\/wp\/v2\/pages\/425\/revisions"}],"predecessor-version":[{"id":490,"href":"https:\/\/sobeauty.online\/SoBeauty\/wp-json\/wp\/v2\/pages\/425\/revisions\/490"}],"wp:attachment":[{"href":"https:\/\/sobeauty.online\/SoBeauty\/wp-json\/wp\/v2\/media?parent=425"}],"curies":[{"name":"wp","href":"https:\/\/api.w.org\/{rel}","templated":true}]}}