{"id":27,"date":"2025-02-24T22:46:16","date_gmt":"2025-02-24T21:46:16","guid":{"rendered":"http:\/\/localhost\/SoBeauty\/?page_id=27"},"modified":"2025-05-11T20:54:49","modified_gmt":"2025-05-11T18:54:49","slug":"tarifs","status":"publish","type":"page","link":"https:\/\/sobeauty.online\/SoBeauty\/tarifs\/","title":{"rendered":"Tarifs So Beauty &#8211; institut de beaut\u00e9 V\u00e9traz Monthoux"},"content":{"rendered":"\n<div class=\"wp-block-cover alignfull is-light\"><img loading=\"lazy\" decoding=\"async\" width=\"1280\" height=\"853\" class=\"wp-block-cover__image-background wp-image-205\" alt=\"Tarifs So Beauty - institut de beaut\u00e9\" src=\"https:\/\/sobeauty.online\/SoBeauty\/wp-content\/uploads\/2025\/03\/Screenshot-2025-03-01-at-18.36.38.png\" data-object-fit=\"cover\" srcset=\"https:\/\/sobeauty.online\/SoBeauty\/wp-content\/uploads\/2025\/03\/Screenshot-2025-03-01-at-18.36.38.png 1280w, https:\/\/sobeauty.online\/SoBeauty\/wp-content\/uploads\/2025\/03\/Screenshot-2025-03-01-at-18.36.38-300x200.png 300w, https:\/\/sobeauty.online\/SoBeauty\/wp-content\/uploads\/2025\/03\/Screenshot-2025-03-01-at-18.36.38-1024x682.png 1024w, https:\/\/sobeauty.online\/SoBeauty\/wp-content\/uploads\/2025\/03\/Screenshot-2025-03-01-at-18.36.38-768x512.png 768w\" sizes=\"auto, (max-width: 1280px) 100vw, 1280px\" \/><span aria-hidden=\"true\" class=\"wp-block-cover__background has-white-background-color has-background-dim-0 has-background-dim\"><\/span><div class=\"wp-block-cover__inner-container has-global-padding is-layout-constrained wp-container-core-cover-is-layout-4383d167 wp-block-cover-is-layout-constrained\">\n<div class=\"wp-block-group alignwide is-vertical is-content-justification-left is-layout-flex wp-container-core-group-is-layout-b21d21b4 wp-block-group-is-layout-flex\" style=\"min-height:520px\">\n<div class=\"wp-block-group has-global-padding is-layout-constrained wp-container-core-group-is-layout-92ef7b19 wp-block-group-is-layout-constrained\">\n<p><\/p>\n\n\n\n<h1 class=\"wp-block-heading has-text-align-left has-text-color\" style=\"color:#fffffd;margin-bottom:1.01rem;font-size:clamp(2.422rem, 2.422rem + ((1vw - 0.2rem) * 3.796), 4.51rem);font-style:normal;font-weight:600;line-height:1.2\">TARIFS So Beauty<\/h1>\n<\/div>\n<\/div>\n<\/div><\/div>\n\n\n\n<div class=\"wp-block-group alignfull has-global-padding is-layout-constrained wp-container-core-group-is-layout-4383d167 wp-block-group-is-layout-constrained\">\n<div class=\"wp-block-group alignwide has-global-padding is-layout-constrained wp-container-core-group-is-layout-5ff8a92b wp-block-group-is-layout-constrained\" id=\"epilation\" style=\"margin-top:0;margin-bottom:0;padding-top:100px;padding-bottom:100px\">\n<h3 class=\"wp-block-heading has-text-align-left has-text-color has-suranna-font-family\" style=\"color:#000000;margin-top:0.5rem;margin-bottom:0rem;font-size:clamp(24.034px, 1.502rem + ((1vw - 3.2px) * 1.814), 40px);font-style:normal;font-weight:500;letter-spacing:0px;line-height:1.3\">Epilations<\/h3>\n\n\n\n<hr class=\"wp-block-separator has-alpha-channel-opacity\"\/>\n\n\n\n<figure class=\"wp-block-table alignwide is-style-stripes has-medium-font-size\"><table class=\"has-background has-fixed-layout\" style=\"background-color:#cab385\"><tbody><tr><td>Sourcils<\/td><td class=\"has-text-align-right\" data-align=\"right\">8 \u20ac<\/td><\/tr><tr><td>L\u00e8vre<\/td><td class=\"has-text-align-right\" data-align=\"right\">6 \u20ac<\/td><\/tr><tr><td>L\u00e8vre + sourcils<\/td><td class=\"has-text-align-right\" data-align=\"right\">12 \u20ac<\/td><\/tr><tr><td>Visage<\/td><td class=\"has-text-align-right\" data-align=\"right\">15 \u20ac<\/td><\/tr><tr><td>Aisselles<\/td><td class=\"has-text-align-right\" data-align=\"right\">10 \u20ac<\/td><\/tr><tr><td>Avant-bras<\/td><td class=\"has-text-align-right\" data-align=\"right\">13 \u20ac<\/td><\/tr><tr><td>Bras<\/td><td class=\"has-text-align-right\" data-align=\"right\">15 \u20ac<\/td><\/tr><tr><td>Maillot simple<\/td><td class=\"has-text-align-right\" data-align=\"right\">10 \u20ac<\/td><\/tr><tr><td>Maillot \u00e9chancr\u00e9<\/td><td class=\"has-text-align-right\" data-align=\"right\">15 \u20ac<\/td><\/tr><tr><td>Maillot br\u00e9silien<\/td><td class=\"has-text-align-right\" data-align=\"right\">20 \u20ac<\/td><\/tr><tr><td>Maillot int\u00e9gral<\/td><td class=\"has-text-align-right\" data-align=\"right\">25 \u20ac<\/td><\/tr><tr><td>Demi-jambes<\/td><td class=\"has-text-align-right\" data-align=\"right\">19 \u20ac<\/td><\/tr><tr><td>Cuisses<\/td><td class=\"has-text-align-right\" data-align=\"right\">20 \u20ac<\/td><\/tr><tr><td>Jambes enti\u00e8res<\/td><td class=\"has-text-align-right\" data-align=\"right\">29 \u20ac<\/td><\/tr><\/tbody><\/table><\/figure>\n<\/div>\n<\/div>\n\n\n\n<div class=\"wp-block-group alignfull has-global-padding is-layout-constrained wp-container-core-group-is-layout-4383d167 wp-block-group-is-layout-constrained\">\n<div class=\"wp-block-group alignwide has-global-padding is-layout-constrained wp-container-core-group-is-layout-1be1424c wp-block-group-is-layout-constrained\" id=\"onglerie\" style=\"margin-top:0;margin-bottom:0;padding-bottom:100px\">\n<h3 class=\"wp-block-heading has-text-align-left has-text-color has-suranna-font-family\" style=\"color:#000000;margin-top:0.5rem;margin-bottom:0rem;font-size:clamp(24.034px, 1.502rem + ((1vw - 3.2px) * 1.814), 40px);font-style:normal;font-weight:500;letter-spacing:0px;line-height:1.3\">Onglerie<\/h3>\n\n\n\n<hr class=\"wp-block-separator has-alpha-channel-opacity\"\/>\n\n\n\n<figure class=\"wp-block-table is-style-stripes has-medium-font-size\"><table class=\"has-background has-fixed-layout\" style=\"background-color:#cab385\"><tbody><tr><td>Semi-permanent mains\/pieds<\/td><td class=\"has-text-align-right\" data-align=\"right\">32 \u20ac<\/td><\/tr><tr><td>D\u00e9pose<\/td><td class=\"has-text-align-right\" data-align=\"right\">12 \u20ac<\/td><\/tr><tr><td>Forfait d\u00e9pose\/pose<\/td><td class=\"has-text-align-right\" data-align=\"right\">37 \u20ac<\/td><\/tr><tr><td>Beaut\u00e9 des pieds<\/td><td class=\"has-text-align-right\" data-align=\"right\">40 \u20ac<\/td><\/tr><tr><td>Beaut\u00e9 des pieds + semi-permanent<\/td><td class=\"has-text-align-right\" data-align=\"right\">60 \u20ac<\/td><\/tr><\/tbody><\/table><\/figure>\n<\/div>\n<\/div>\n\n\n\n<div class=\"wp-block-group alignfull has-global-padding is-layout-constrained wp-container-core-group-is-layout-4383d167 wp-block-group-is-layout-constrained\">\n<div class=\"wp-block-group alignwide has-global-padding is-layout-constrained wp-container-core-group-is-layout-1be1424c wp-block-group-is-layout-constrained\" id=\"visage\" style=\"margin-top:0;margin-bottom:0;padding-bottom:100px\">\n<h3 class=\"wp-block-heading has-text-align-left has-text-color has-suranna-font-family\" style=\"color:#000000;margin-top:0.5rem;margin-bottom:0rem;font-size:clamp(24.034px, 1.502rem + ((1vw - 3.2px) * 1.814), 40px);font-style:normal;font-weight:500;letter-spacing:0px;line-height:1.3\">Soin du visage BIO by Nohem<\/h3>\n\n\n\n<hr class=\"wp-block-separator has-alpha-channel-opacity\"\/>\n\n\n\n<figure class=\"wp-block-table is-style-stripes has-medium-font-size\"><table class=\"has-background has-fixed-layout\" style=\"background-color:#cab385\"><tbody><tr><td>Soin classique (1h) <br><em><sub>Nettoyage , gommage, vapeur et extraction de points noirs, massage, pose de masque en fonction du type de peau<\/sub><\/em><\/td><td class=\"has-text-align-right\" data-align=\"right\">62 \u20ac<\/td><\/tr><tr><td>Soin anti \u00e2ge (1h15)<br><em><sub>Soin complet r\u00e9alis\u00e9 avec des man\u0153uvres et produits anti-\u00e2ge sp\u00e9cifiques<\/sub><\/em><\/td><td class=\"has-text-align-right\" data-align=\"right\">72 \u20ac<\/td><\/tr><tr><td>Massage Kobido (1h)<em><sub><br>Lifting 100% naturel<br>Massage expert facialiste anti-\u00e2ge<\/sub><\/em><\/td><td class=\"has-text-align-right\" data-align=\"right\">80 \u20ac<\/td><\/tr><tr><td>Soin Kobido (1h30)<br><em><sub>Soin expert facialiste anti-\u00e2ge avec gommage et pose de masque adapt\u00e9 \u00e0 votre type de peau<\/sub><\/em><\/td><td class=\"has-text-align-right\" data-align=\"right\">100 \u20ac<\/td><\/tr><tr><td>Option radiofr\u00e9quence 15 min<\/td><td class=\"has-text-align-right\" data-align=\"right\">20 \u20ac<\/td><\/tr><\/tbody><\/table><\/figure>\n<\/div>\n<\/div>\n\n\n\n<div class=\"wp-block-group alignfull has-global-padding is-layout-constrained wp-container-core-group-is-layout-4383d167 wp-block-group-is-layout-constrained\">\n<div class=\"wp-block-group alignwide has-global-padding is-layout-constrained wp-container-core-group-is-layout-1be1424c wp-block-group-is-layout-constrained\" style=\"margin-top:0;margin-bottom:0;padding-bottom:100px\">\n<h3 class=\"wp-block-heading has-text-align-left has-text-color has-suranna-font-family\" style=\"color:#000000;margin-top:0.5rem;margin-bottom:0rem;font-size:clamp(24.034px, 1.502rem + ((1vw - 3.2px) * 1.814), 40px);font-style:normal;font-weight:500;letter-spacing:0px;line-height:1.3\">Soin visage Expert &#8211; Advance Beauty<\/h3>\n\n\n\n<hr class=\"wp-block-separator has-alpha-channel-opacity\"\/>\n\n\n\n<figure class=\"wp-block-table is-style-stripes has-medium-font-size\"><table class=\"has-background has-fixed-layout\" style=\"background-color:#cab385\"><tbody><tr><td>Le Beauty Flash (30 min)<br><sub><i>Un soin d\u00e9couverte id\u00e9al pour un coup d&rsquo;\u00e9clat <\/i><\/sub><\/td><td class=\"has-text-align-right\" data-align=\"right\">45 \u20ac<\/td><\/tr><tr><td>L&rsquo;Advance Beauty (1h)<br><em><sub>Un soin complet utilisant les 4 technologies de l&rsquo;appareil ( peeling ultrason, radiofr\u00e9quence, luminologie et ultrason s\u00e9quentiels)<\/sub><\/em><\/td><td class=\"has-text-align-right\" data-align=\"right\">95 \u20ac<\/td><\/tr><tr><td>Le Beauty Expert (1h20)<br><em><sub>Un soin complet utilisant les 4 technologies de l&rsquo;appareil avec massage manuel et pose de masque<\/sub><\/em><\/td><td class=\"has-text-align-right\" data-align=\"right\">120 \u20ac<\/td><\/tr><\/tbody><\/table><\/figure>\n\n\n\n<div class=\"wp-block-buttons is-horizontal is-content-justification-left is-layout-flex wp-container-core-buttons-is-layout-324fa30b wp-block-buttons-is-layout-flex\" style=\"margin-top:20px\">\n<div class=\"wp-block-button has-custom-width wp-block-button__width-50 is-style-fill\"><a class=\"wp-block-button__link has-text-color has-background has-pontano-sans-font-family has-custom-font-size wp-element-button\" href=\"https:\/\/sobeauty.online\/\/SoBeauty\/?page_id=29\" style=\"border-style:none;border-width:0px;border-radius:20rem;color:#fffffd;background-color:#cab385;padding-top:0.71rem;padding-right:0.31rem;padding-bottom:0.71rem;padding-left:0.31rem;font-size:clamp(0.875rem, 0.875rem + ((1vw - 0.2rem) * 0.245), 1.01rem);font-style:normal;font-weight:600;letter-spacing:1px;line-height:1.5;text-transform:uppercase\">Prendre rendez vous<\/a><\/div>\n<\/div>\n<\/div>\n<\/div>\n\n\n\n<div class=\"wp-block-cover alignfull is-light\"><img decoding=\"async\" class=\"wp-block-cover__image-background wp-image-764\" alt=\"\" src=\"https:\/\/tyler.com\/wp-content\/uploads\/2023\/11\/surf-banner1.jpg\" style=\"object-position:51% 51%\" data-object-fit=\"cover\" data-object-position=\"51% 51%\"\/><span aria-hidden=\"true\" class=\"wp-block-cover__background has-background-dim-90 has-background-dim\" style=\"background-color:#cab385\"><\/span><div class=\"wp-block-cover__inner-container has-global-padding is-layout-constrained wp-block-cover-is-layout-constrained\">\n<section class=\"wp-block-group alignfull has-global-padding is-layout-constrained wp-container-core-group-is-layout-cfb15881 wp-block-group-is-layout-constrained\" style=\"margin-top:0px;padding-top:4.01rem;padding-right:1rem;padding-bottom:5.01rem;padding-left:1rem;font-size:clamp(0.875rem, 0.875rem + ((1vw - 0.2rem) * 0.464), 1.13rem);font-style:normal;font-weight:400;line-height:1.4\">\n<div class=\"wp-block-columns is-layout-flex wp-container-core-columns-is-layout-a86bf794 wp-block-columns-is-layout-flex\" style=\"margin-bottom:0px\">\n<div class=\"wp-block-column has-global-padding is-layout-constrained wp-container-core-column-is-layout-b4ec969c wp-block-column-is-layout-constrained\" style=\"padding-top:2.01rem\">\n<div class=\"wp-block-group has-global-padding is-layout-constrained wp-container-core-group-is-layout-dca71664 wp-block-group-is-layout-constrained\" style=\"min-height:100%\">\n<h3 class=\"wp-block-heading has-text-align-center has-text-color\" style=\"color:#fffffd;margin-top:0.5rem;margin-bottom:0rem;font-size:clamp(1.556rem, 1.556rem + ((1vw - 0.2rem) * 1.916), 2.61rem);font-style:normal;font-weight:500;letter-spacing:0px;line-height:1.3\">Advance Beauty c&rsquo;est quoi ?<\/h3>\n\n\n\n<p class=\"has-text-align-left has-text-color\" style=\"color:#fffffd;margin-top:0rem;font-size:clamp(0.875rem, 0.875rem + ((1vw - 0.2rem) * 0.245), 1.01rem);font-style:normal;font-weight:400;line-height:1.7\">LE LIFTING SANS CHIRURGIE EST A VOTRE PORTEE ! <\/p>\n\n\n\n<hr class=\"wp-block-separator has-alpha-channel-opacity\"\/>\n\n\n\n<p class=\"has-text-align-left has-text-color\" style=\"color:#fffffd;margin-top:0rem;font-size:clamp(0.875rem, 0.875rem + ((1vw - 0.2rem) * 0.245), 1.01rem);font-style:normal;font-weight:400;line-height:1.7\">Rencontrez l&rsquo;expert anti-\u00e2ge visage &#8211; une r\u00e9volution dans la r\u00e9g\u00e9n\u00e9ration cutan\u00e9e! <\/p>\n\n\n\n<p class=\"has-text-align-left has-text-color\" style=\"color:#fffffd;margin-top:0rem;font-size:clamp(0.875rem, 0.875rem + ((1vw - 0.2rem) * 0.245), 1.01rem);font-style:normal;font-weight:400;line-height:1.7\">Cet appareil fran\u00e7ais dispose de 4 technologies anti-\u00e2ge non invasives fusionn\u00e9es pour un r\u00e9sultat \u00e9poustouflant d\u00e8s la premi\u00e8re s\u00e9ance! <\/p>\n\n\n\n<p class=\"has-text-align-left has-text-color\" style=\"color:#fffffd;margin-top:0rem;font-size:clamp(0.875rem, 0.875rem + ((1vw - 0.2rem) * 0.245), 1.01rem);font-style:normal;font-weight:400;line-height:1.7\"> &#8211; Soft peeling : une exfoliation douce et performante pour tous types de peau <\/p>\n\n\n\n<p class=\"has-text-align-left has-text-color\" style=\"color:#fffffd;margin-top:0rem;font-size:clamp(0.875rem, 0.875rem + ((1vw - 0.2rem) * 0.245), 1.01rem);font-style:normal;font-weight:400;line-height:1.7\"> &#8211; Radiofr\u00e9quence : un effet tenseur imm\u00e9diat pour remodeler et raffermir<\/p>\n\n\n\n<p class=\"has-text-align-left has-text-color\" style=\"color:#fffffd;margin-top:0rem;font-size:clamp(0.875rem, 0.875rem + ((1vw - 0.2rem) * 0.245), 1.01rem);font-style:normal;font-weight:400;line-height:1.7\"> &#8211; Ultrasons s\u00e9quentiel : technologie brevet\u00e9e pour r\u00e9activer les processus m\u00e9taboliques<\/p>\n\n\n\n<p class=\"has-text-align-left has-text-color\" style=\"color:#fffffd;margin-top:0rem;font-size:clamp(0.875rem, 0.875rem + ((1vw - 0.2rem) * 0.245), 1.01rem);font-style:normal;font-weight:400;line-height:1.7\">&#8211; Luminologie : des r\u00e9sultats rapides pour une peau plus lisse et \u00e9clatante<\/p>\n\n\n\n<div class=\"wp-block-buttons is-horizontal is-content-justification-left is-layout-flex wp-container-core-buttons-is-layout-324fa30b wp-block-buttons-is-layout-flex\" style=\"margin-top:20px\">\n<div class=\"wp-block-button has-custom-width wp-block-button__width-50 is-style-outline is-style-outline--1\"><a class=\"wp-block-button__link has-text-color has-background has-pontano-sans-font-family has-custom-font-size wp-element-button\" href=\"https:\/\/sobeauty.online\/SoBeauty\/contact\/\" style=\"border-style:none;border-width:0px;border-radius:20rem;color:#cab385;background-color:#ffffff;padding-top:0.71rem;padding-right:0.31rem;padding-bottom:0.71rem;padding-left:0.31rem;font-size:clamp(0.875rem, 0.875rem + ((1vw - 0.2rem) * 0.245), 1.01rem);font-style:normal;font-weight:600;letter-spacing:1px;line-height:1.5;text-transform:uppercase\">Prendre rendez vous<\/a><\/div>\n<\/div>\n<\/div>\n<\/div>\n\n\n\n<div class=\"wp-block-column is-vertically-aligned-center is-layout-flow wp-block-column-is-layout-flow\" style=\"padding-right:1rem;padding-left:1rem;flex-basis:40%\">\n<figure class=\"wp-block-image aligncenter size-large is-resized has-custom-border\"><img decoding=\"async\" src=\"https:\/\/sobeauty.online\/SoBeauty\/wp-content\/uploads\/2025\/02\/Screenshot-2025-02-09-at-14.44.34.png\" alt=\"So Beauty - institut de beaut\u00e9 - Advance Beauty\" style=\"border-radius:20px;aspect-ratio:3\/4;object-fit:cover;width:450px\"\/><\/figure>\n<\/div>\n<\/div>\n<\/section>\n<\/div><\/div>\n","protected":false},"excerpt":{"rendered":"<p>Epilations Sourcils 8 \u20ac L\u00e8vre 6 \u20ac L\u00e8vre + sourcils 12 \u20ac Visage 15 \u20ac Aisselles 10 \u20ac Avant-bras 13 \u20ac Bras 15 \u20ac Maillot simple 10 \u20ac Maillot \u00e9chancr\u00e9 15 \u20ac Maillot br\u00e9silien 20 \u20ac Maillot int\u00e9gral 25 \u20ac Demi-jambes 19 \u20ac Cuisses 20 \u20ac Jambes enti\u00e8res 29 \u20ac Onglerie Semi-permanent mains\/pieds 32 \u20ac [&hellip;]<\/p>\n","protected":false},"author":1,"featured_media":0,"parent":0,"menu_order":0,"comment_status":"closed","ping_status":"closed","template":"","meta":{"footnotes":""},"class_list":["post-27","page","type-page","status-publish","hentry"],"_links":{"self":[{"href":"https:\/\/sobeauty.online\/SoBeauty\/wp-json\/wp\/v2\/pages\/27","targetHints":{"allow":["GET"]}}],"collection":[{"href":"https:\/\/sobeauty.online\/SoBeauty\/wp-json\/wp\/v2\/pages"}],"about":[{"href":"https:\/\/sobeauty.online\/SoBeauty\/wp-json\/wp\/v2\/types\/page"}],"author":[{"embeddable":true,"href":"https:\/\/sobeauty.online\/SoBeauty\/wp-json\/wp\/v2\/users\/1"}],"replies":[{"embeddable":true,"href":"https:\/\/sobeauty.online\/SoBeauty\/wp-json\/wp\/v2\/comments?post=27"}],"version-history":[{"count":64,"href":"https:\/\/sobeauty.online\/SoBeauty\/wp-json\/wp\/v2\/pages\/27\/revisions"}],"predecessor-version":[{"id":454,"href":"https:\/\/sobeauty.online\/SoBeauty\/wp-json\/wp\/v2\/pages\/27\/revisions\/454"}],"wp:attachment":[{"href":"https:\/\/sobeauty.online\/SoBeauty\/wp-json\/wp\/v2\/media?parent=27"}],"curies":[{"name":"wp","href":"https:\/\/api.w.org\/{rel}","templated":true}]}}