{"id":25,"date":"2025-02-24T22:45:52","date_gmt":"2025-02-24T21:45:52","guid":{"rendered":"http:\/\/localhost\/SoBeauty\/?page_id=25"},"modified":"2025-05-11T20:51:57","modified_gmt":"2025-05-11T18:51:57","slug":"a-propos","status":"publish","type":"page","link":"https:\/\/sobeauty.online\/SoBeauty\/a-propos\/","title":{"rendered":"A propos So Beauty &#8211; institut de beaut\u00e9 V\u00e9traz Monthoux"},"content":{"rendered":"\n<section class=\"wp-block-group alignfull has-global-padding is-layout-constrained wp-container-core-group-is-layout-608bbd49 wp-block-group-is-layout-constrained\" style=\"margin-top:0px;padding-top:6rem;padding-right:1rem;padding-bottom:5rem;padding-left:1rem;font-size:clamp(0.875rem, 0.875rem + ((1vw - 0.2rem) * 0.464), 1.13rem);font-style:normal;font-weight:400;line-height:1.4\">\n<div class=\"wp-block-columns is-layout-flex wp-container-core-columns-is-layout-03ad6a19 wp-block-columns-is-layout-flex\" style=\"margin-bottom:0px\">\n<div class=\"wp-block-column is-vertically-aligned-center is-layout-flow wp-block-column-is-layout-flow\" style=\"flex-basis:50%\">\n<figure class=\"wp-block-image alignleft size-large has-custom-border\"><img decoding=\"async\" src=\"https:\/\/sobeauty.online\/\/SoBeauty\/wp-content\/uploads\/2025\/02\/Screenshot-2025-02-09-at-14.47.12.png\" alt=\"A propos So Beauty - institut de beaut\u00e9\" style=\"border-radius:20px\"\/><\/figure>\n<\/div>\n\n\n\n<div class=\"wp-block-column is-vertically-aligned-center has-global-padding is-layout-constrained wp-container-core-column-is-layout-c4a7d96a wp-block-column-is-layout-constrained\" style=\"flex-basis:50%\">\n<h1 class=\"wp-block-heading has-text-align-left has-text-color has-suranna-font-family\" style=\"color:#000000;margin-top:0.5rem;margin-bottom:0rem;font-size:clamp(24.034px, 1.502rem + ((1vw - 3.2px) * 1.814), 40px);font-style:normal;font-weight:500;letter-spacing:0px;line-height:1.3\">A propos So Beauty &#8211; institut de beaut\u00e9 V\u00e9traz Monthoux<\/h1>\n\n\n\n<p class=\"has-text-align-left has-text-color has-pontano-sans-font-family\" style=\"color:#000000;margin-top:20px;margin-bottom:20px;font-size:clamp(14px, 0.875rem + ((1vw - 3.2px) * 0.455), 18px);font-style:normal;font-weight:400;line-height:1.5\">Esth\u00e9ticienne dipl\u00f4m\u00e9e depuis plus de 15 ans, je vous re\u00e7ois en toute intimit\u00e9 dans mon institut situ\u00e9 dans une annexe de mon domicile \u00e0 V\u00e9traz-Monthoux.<\/p>\n\n\n\n<p class=\"has-text-align-left has-text-color has-pontano-sans-font-family\" style=\"color:#000000;margin-top:20px;margin-bottom:20px;font-size:clamp(14px, 0.875rem + ((1vw - 3.2px) * 0.455), 18px);font-style:normal;font-weight:400;line-height:1.5\">Perfectionniste et minutieuse, j&rsquo;aime prendre le temps durant mes rendez-vous, que la cliente sente que ce moment est pour ELLE. Votre satisfaction est pour moi l&rsquo;essentiel. <\/p>\n\n\n\n<p class=\"has-text-align-left has-text-color has-pontano-sans-font-family\" style=\"color:#000000;margin-top:20px;margin-bottom:20px;font-size:clamp(14px, 0.875rem + ((1vw - 3.2px) * 0.455), 18px);font-style:normal;font-weight:400;line-height:1.5\">J&rsquo;aime particuli\u00e8rement r\u00e9aliser les soins du visage c&rsquo;est pourquoi je veille \u00e0 m&rsquo;\u00e9quiper des meilleurs outils qui soient dans ce domaine tel que la radiofr\u00e9quence, de manoeuvres techniques issues du Kobido ou encore d&rsquo;une marque de cosm\u00e9tique \u00e9thique et dans le respect de la peau ( Nohem marque BIO)<\/p>\n\n\n\n<p class=\"has-text-align-left has-text-color has-pontano-sans-font-family\" style=\"color:#000000;margin-top:20px;margin-bottom:20px;font-size:clamp(14px, 0.875rem + ((1vw - 3.2px) * 0.455), 18px);font-style:normal;font-weight:400;line-height:1.5\">Au plaisir de vous recevoir bient\u00f4t <\/p>\n\n\n\n<p>St\u00e9phanie Bernard, g\u00e9rante de So beauty<\/p>\n\n\n\n<p>NB: l&rsquo;institut ne re\u00e7oit pas de client\u00e8le masculine<\/p>\n\n\n\n<div class=\"wp-block-buttons is-horizontal is-content-justification-left is-layout-flex wp-container-core-buttons-is-layout-2c34cf1c wp-block-buttons-is-layout-flex\" style=\"margin-top:0.51rem\">\n<div class=\"wp-block-button has-custom-width wp-block-button__width-50 is-style-fill\"><a class=\"wp-block-button__link has-text-color has-background has-pontano-sans-font-family has-custom-font-size wp-element-button\" href=\"https:\/\/sobeauty.online\/\/SoBeauty\/?page_id=29\" style=\"border-style:none;border-width:0px;border-radius:20rem;color:#fffffd;background-color:#cab385;padding-top:0.71rem;padding-right:0.31rem;padding-bottom:0.71rem;padding-left:0.31rem;font-size:clamp(0.875rem, 0.875rem + ((1vw - 0.2rem) * 0.245), 1.01rem);font-style:normal;font-weight:600;letter-spacing:1px;line-height:1.5;text-transform:uppercase\">prendre rendez vous<\/a><\/div>\n<\/div>\n<\/div>\n<\/div>\n<\/section>\n\n\n\n<section class=\"wp-block-group alignfull has-text-color has-background has-global-padding is-layout-constrained wp-container-core-group-is-layout-ba2370d2 wp-block-group-is-layout-constrained\" style=\"color:#1f1f1f;background-color:#f5f5f5;margin-top:0px;padding-top:5rem;padding-right:0rem;padding-bottom:5rem;padding-left:0rem\">\n<div class=\"wp-block-columns are-vertically-aligned-center is-layout-flex wp-container-core-columns-is-layout-7a7902f5 wp-block-columns-is-layout-flex\" style=\"padding-right:1rem;padding-left:1rem\">\n<div class=\"wp-block-column is-vertically-aligned-center is-layout-flow wp-container-core-column-is-layout-89ac7667 wp-block-column-is-layout-flow\">\n<div class=\"wp-block-group has-global-padding is-layout-constrained wp-container-core-group-is-layout-4b51d69f wp-block-group-is-layout-constrained\" style=\"padding-top:1rem;padding-bottom:1rem\">\n<h2 class=\"wp-block-heading has-text-color has-link-color wp-elements-b42e41a4323b97c797dca95e9ee6fe20\" style=\"color:#1f1f1f;font-size:clamp(1.352rem, 1.352rem + ((1vw - 0.2rem) * 1.542), 2.2rem);letter-spacing:1.5px;line-height:1.3\">100%<\/h2>\n\n\n\n<p class=\"has-text-color has-link-color wp-elements-c555a6deed9ed2d1371c315f7fa509c1\" style=\"color:#1f1f1f;font-size:clamp(0.929rem, 0.929rem + ((1vw - 0.2rem) * 0.856), 1.4rem);font-style:normal;font-weight:500\">Satisfaction garantie<\/p>\n\n\n\n<p class=\"has-text-color has-link-color wp-elements-19a540be74f864758114c467399e99d7\" style=\"color:#1f1f1f;font-size:clamp(0.875rem, 0.875rem + ((1vw - 0.2rem) * 0.409), 1.1rem);\">Satisfaction garantie sur chaque prestations. Votre satisfaction est MA priorit\u00e9<\/p>\n<\/div>\n<\/div>\n\n\n\n<div class=\"wp-block-column is-vertically-aligned-center is-layout-flow wp-block-column-is-layout-flow\">\n<div class=\"wp-block-group has-global-padding is-layout-constrained wp-container-core-group-is-layout-4b51d69f wp-block-group-is-layout-constrained\" style=\"padding-top:1rem;padding-bottom:1rem\">\n<h2 class=\"wp-block-heading has-text-color has-link-color wp-elements-b7b7c5889147c7bed5dd86a88fa712ef\" style=\"color:#1f1f1f;font-size:clamp(1.352rem, 1.352rem + ((1vw - 0.2rem) * 1.542), 2.2rem);letter-spacing:1.5px;line-height:1.3\">5\u2605<\/h2>\n\n\n\n<p class=\"has-text-color has-link-color wp-elements-d40e15a92fdf7405d32cb8d4d556590e\" style=\"color:#1f1f1f;font-size:clamp(0.929rem, 0.929rem + ((1vw - 0.2rem) * 0.856), 1.4rem);font-style:normal;font-weight:500\">Soins experts<\/p>\n\n\n\n<p class=\"has-text-color has-link-color wp-elements-539d6d87c5116373deba560c9669e53e\" style=\"color:#1f1f1f;font-size:clamp(0.875rem, 0.875rem + ((1vw - 0.2rem) * 0.409), 1.1rem);\">Mes clientes sont toutes satisfaites et publient leurs avis en toute transparence sur google avis (cf page accueil)<\/p>\n<\/div>\n<\/div>\n\n\n\n<div class=\"wp-block-column is-vertically-aligned-center is-layout-flow wp-block-column-is-layout-flow\">\n<div class=\"wp-block-group has-global-padding is-layout-constrained wp-container-core-group-is-layout-4b51d69f wp-block-group-is-layout-constrained\" style=\"padding-top:1rem;padding-bottom:1rem\">\n<h2 class=\"wp-block-heading has-text-color has-link-color wp-elements-0313bb96aa38d05847c488fd1460006a\" style=\"color:#1f1f1f;font-size:clamp(1.352rem, 1.352rem + ((1vw - 0.2rem) * 1.542), 2.2rem);letter-spacing:1.5px;line-height:1.3\">15+<\/h2>\n\n\n\n<p class=\"has-text-color has-link-color wp-elements-a7665f23e9f8f8c1181f98ee32a7661d\" style=\"color:#1f1f1f;font-size:clamp(0.929rem, 0.929rem + ((1vw - 0.2rem) * 0.856), 1.4rem);font-style:normal;font-weight:500\">Ann\u00e9es d&rsquo;exp\u00e9rience<\/p>\n\n\n\n<p class=\"has-text-color has-link-color wp-elements-9ef140a517798729fab57d6ef2d6341c\" style=\"color:#1f1f1f;font-size:clamp(0.875rem, 0.875rem + ((1vw - 0.2rem) * 0.409), 1.1rem);\">Avec plus de 15 ans d&rsquo;exp\u00e9rience dans le domaine de la beaut\u00e9, j&rsquo;ai l&rsquo;exp\u00e9rience pour vous conseiller sur les soins \u00e0 pratiquer en fonction de vos besoins<\/p>\n<\/div>\n<\/div>\n<\/div>\n<\/section>\n","protected":false},"excerpt":{"rendered":"<p>A propos So Beauty &#8211; institut de beaut\u00e9 V\u00e9traz Monthoux Esth\u00e9ticienne dipl\u00f4m\u00e9e depuis plus de 15 ans, je vous re\u00e7ois en toute intimit\u00e9 dans mon institut situ\u00e9 dans une annexe de mon domicile \u00e0 V\u00e9traz-Monthoux. Perfectionniste et minutieuse, j&rsquo;aime prendre le temps durant mes rendez-vous, que la cliente sente que ce moment est pour ELLE. [&hellip;]<\/p>\n","protected":false},"author":1,"featured_media":0,"parent":0,"menu_order":0,"comment_status":"closed","ping_status":"closed","template":"","meta":{"footnotes":""},"class_list":["post-25","page","type-page","status-publish","hentry"],"_links":{"self":[{"href":"https:\/\/sobeauty.online\/SoBeauty\/wp-json\/wp\/v2\/pages\/25","targetHints":{"allow":["GET"]}}],"collection":[{"href":"https:\/\/sobeauty.online\/SoBeauty\/wp-json\/wp\/v2\/pages"}],"about":[{"href":"https:\/\/sobeauty.online\/SoBeauty\/wp-json\/wp\/v2\/types\/page"}],"author":[{"embeddable":true,"href":"https:\/\/sobeauty.online\/SoBeauty\/wp-json\/wp\/v2\/users\/1"}],"replies":[{"embeddable":true,"href":"https:\/\/sobeauty.online\/SoBeauty\/wp-json\/wp\/v2\/comments?post=25"}],"version-history":[{"count":34,"href":"https:\/\/sobeauty.online\/SoBeauty\/wp-json\/wp\/v2\/pages\/25\/revisions"}],"predecessor-version":[{"id":450,"href":"https:\/\/sobeauty.online\/SoBeauty\/wp-json\/wp\/v2\/pages\/25\/revisions\/450"}],"wp:attachment":[{"href":"https:\/\/sobeauty.online\/SoBeauty\/wp-json\/wp\/v2\/media?parent=25"}],"curies":[{"name":"wp","href":"https:\/\/api.w.org\/{rel}","templated":true}]}}